{"id":11,"date":"2026-05-11T15:15:53","date_gmt":"2026-05-11T15:15:53","guid":{"rendered":"https:\/\/clearchoicemart.shop\/cart\/"},"modified":"2026-05-13T15:07:18","modified_gmt":"2026-05-13T15:07:18","slug":"cart","status":"publish","type":"page","link":"https:\/\/clearchoicemart.shop\/de\/cart\/","title":{"rendered":"Wagen"},"content":{"rendered":"<div data-elementor-type=\"wp-page\" data-elementor-id=\"11\" class=\"elementor elementor-11\" data-elementor-post-type=\"page\">\n\t\t\t\t<div class=\"elementor-element elementor-element-78fea82 e-flex e-con-boxed e-con e-parent\" data-id=\"78fea82\" data-element_type=\"container\" data-e-type=\"container\" data-settings=\"{&quot;ekit_has_onepagescroll_dot&quot;:&quot;yes&quot;}\">\n\t\t\t\t\t<div class=\"e-con-inner\">\n\t\t\t\t\t<\/div>\n\t\t\t\t<\/div>\n\t\t\t\t<\/div>","protected":false},"excerpt":{"rendered":"<p>Remove item Thumbnail image Product Price Quantity Subtotal &times; Inteligentna kamera bezpiecze\u0144stwa 3MP 2K, monitor dla dziecka i zwierz\u0105t domowych, kolorowa widoczno\u015b\u0107 nocna, detekcja ruchu, \u0142atwa instalacja, przechowywanie w chmurze\/na karcie SD &#36;1,299.00 Inteligentna kamera bezpiecze\u0144stwa 3MP 2K, monitor dla dziecka i zwierz\u0105t domowych, kolorowa widoczno\u015b\u0107 nocna, detekcja ruchu, \u0142atwa instalacja, przechowywanie w chmurze\/na karcie [&hellip;]<\/p>\n","protected":false},"author":1,"featured_media":0,"parent":0,"menu_order":0,"comment_status":"closed","ping_status":"closed","template":"","meta":{"_acf_changed":false,"footnotes":""},"class_list":["post-11","page","type-page","status-publish","hentry"],"acf":[],"_hostinger_reach_plugin_has_subscription_block":false,"_hostinger_reach_plugin_is_elementor":false,"_links":{"self":[{"href":"https:\/\/clearchoicemart.shop\/de\/wp-json\/wp\/v2\/pages\/11","targetHints":{"allow":["GET"]}}],"collection":[{"href":"https:\/\/clearchoicemart.shop\/de\/wp-json\/wp\/v2\/pages"}],"about":[{"href":"https:\/\/clearchoicemart.shop\/de\/wp-json\/wp\/v2\/types\/page"}],"author":[{"embeddable":true,"href":"https:\/\/clearchoicemart.shop\/de\/wp-json\/wp\/v2\/users\/1"}],"replies":[{"embeddable":true,"href":"https:\/\/clearchoicemart.shop\/de\/wp-json\/wp\/v2\/comments?post=11"}],"version-history":[{"count":24,"href":"https:\/\/clearchoicemart.shop\/de\/wp-json\/wp\/v2\/pages\/11\/revisions"}],"predecessor-version":[{"id":669,"href":"https:\/\/clearchoicemart.shop\/de\/wp-json\/wp\/v2\/pages\/11\/revisions\/669"}],"wp:attachment":[{"href":"https:\/\/clearchoicemart.shop\/de\/wp-json\/wp\/v2\/media?parent=11"}],"curies":[{"name":"wp","href":"https:\/\/api.w.org\/{rel}","templated":true}]}}